{"id":74212,"date":"2025-03-28T22:45:26","date_gmt":"2025-03-29T02:45:26","guid":{"rendered":"https:\/\/vancouver25dev.wpenginepowered.com\/?page_id=74212"},"modified":"2025-11-24T14:37:44","modified_gmt":"2025-11-24T19:37:44","slug":"small-quantity-dental-gold","status":"publish","type":"page","link":"https:\/\/montrealgold.ca\/zh\/sell-to-us\/dental-gold\/small-quantity-dental-gold\/","title":{"rendered":"\u5c11\u91cf\u7259\u79d1\u7528\u91d1"},"content":{"rendered":"<p>[et_pb_section fb_built=\u00a0\u00bb1&Prime; custom_padding_last_edited=\u00a0\u00bbon|desktop\u00a0\u00bb admin_label=\u00a0\u00bbSection\u00a0\u00bb _builder_version=\u00a0\u00bb4.27.4&Prime; _module_preset=\u00a0\u00bbdefault\u00a0\u00bb background_color=\u00a0\u00bb#032340&Prime; height_tablet=\u00a0\u00bb\u00a0\u00bb height_phone=\u00a0\u00bb\u00a0\u00bb height_last_edited=\u00a0\u00bbon|desktop\u00a0\u00bb custom_padding=\u00a0\u00bb9px||4px||false|false\u00a0\u00bb custom_padding_tablet=\u00a0\u00bb9px||4px||false|false\u00a0\u00bb custom_padding_phone=\u00a0\u00bb9px||4px||false|false\u00a0\u00bb border_color_bottom=\u00a0\u00bb#D2AE74&Prime; saved_tabs=\u00a0\u00bball\u00a0\u00bb locked=\u00a0\u00bboff\u00a0\u00bb collapsed=\u00a0\u00bboff\u00a0\u00bb global_colors_info=\u00a0\u00bb{}\u00a0\u00bb][et_pb_row make_equal=\u00a0\u00bbon\u00a0\u00bb _builder_version=\u00a0\u00bb4.27.4&Prime; _module_preset=\u00a0\u00bbdefault\u00a0\u00bb custom_padding=\u00a0\u00bb0px||0px||false|false\u00a0\u00bb custom_css_main_element=\u00a0\u00bbdisplay:flex;\u00a0\u00bb global_colors_info=\u00a0\u00bb{}\u00a0\u00bb][et_pb_column type=\u00a0\u00bb4_4&Prime; _builder_version=\u00a0\u00bb4.27.4&Prime; _module_preset=\u00a0\u00bbdefault\u00a0\u00bb custom_css_main_element=\u00a0\u00bbdisplay:flex;||flex-direction:column;||justify-content: center;\u00a0\u00bb global_colors_info=\u00a0\u00bb{}\u00a0\u00bb][et_pb_text _builder_version=\u00a0\u00bb4.27.4&Prime; _module_preset=\u00a0\u00bbdefault\u00a0\u00bb header_font=\u00a0\u00bb|&#8211;et_global_heading_font_weight||on|||||\u00a0\u00bb header_text_align=\u00a0\u00bbcenter\u00a0\u00bb header_text_color=\u00a0\u00bb#FFFFFF\u00a0\u00bb header_font_size=\u00a0\u00bb38px\u00a0\u00bb hover_enabled=\u00a0\u00bb0&Prime; custom_css_free_form=\u00a0\u00bb.selector h1 {||  font-weight:400!important;||}\u00a0\u00bb global_colors_info=\u00a0\u00bb{}\u00a0\u00bb sticky_enabled=\u00a0\u00bb0&Prime;]<\/p>\n<h1>Or dentaire en petites quantit\u00e9s<\/h1>\n<p>[\/et_pb_text][\/et_pb_column][\/et_pb_row][\/et_pb_section][et_pb_section fb_built=\u00a0\u00bb1&Prime; _builder_version=\u00a0\u00bb4.27.4&Prime; _module_preset=\u00a0\u00bbdefault\u00a0\u00bb custom_margin=\u00a0\u00bb||20px||false|false\u00a0\u00bb custom_padding=\u00a0\u00bb0px||0px||false|false\u00a0\u00bb global_module=\u00a0\u00bb151&Prime; saved_tabs=\u00a0\u00bball\u00a0\u00bb locked=\u00a0\u00bboff\u00a0\u00bb global_colors_info=\u00a0\u00bb{}\u00a0\u00bb][et_pb_row _builder_version=\u00a0\u00bb4.27.4&Prime; _module_preset=\u00a0\u00bbdefault\u00a0\u00bb max_width=\u00a0\u00bb1280px\u00a0\u00bb custom_padding=\u00a0\u00bb20px||20px||true|false\u00a0\u00bb global_colors_info=\u00a0\u00bb{}\u00a0\u00bb][et_pb_column type=\u00a0\u00bb4_4&Prime; _builder_version=\u00a0\u00bb4.27.4&Prime; _module_preset=\u00a0\u00bbdefault\u00a0\u00bb global_colors_info=\u00a0\u00bb{}\u00a0\u00bb][et_pb_text _builder_version=\u00a0\u00bb4.27.4&Prime; _module_preset=\u00a0\u00bbdefault\u00a0\u00bb text_font=\u00a0\u00bb|&#8211;et_global_body_font_weight||on|||||\u00a0\u00bb text_text_color=\u00a0\u00bb#0E3E63&Prime; text_font_size=\u00a0\u00bb14px\u00a0\u00bb link_font=\u00a0\u00bb|||on|||||\u00a0\u00bb link_text_color=\u00a0\u00bb#000000&Prime; global_colors_info=\u00a0\u00bb{}\u00a0\u00bb]<\/p>\n<div data-plaintext=\"true\" data-pm-slice=\"1 1 [&quot;codeblock&quot;,{&quot;style&quot;:null,&quot;codeblock&quot;:true,&quot;textAlign&quot;:null,&quot;syntaxLanguage&quot;:null,&quot;lineWrapping&quot;:false}]\" data-en-clipboard=\"true\"><span><span><a href=\"https:\/\/montrealgold.ca\/\">Accueil<\/a><\/span><\/span><\/div>\n<p>[\/et_pb_text][\/et_pb_column][\/et_pb_row][\/et_pb_section][et_pb_section fb_built=\u00a0\u00bb1&Prime; _builder_version=\u00a0\u00bb4.27.4&Prime; _module_preset=\u00a0\u00bbdefault\u00a0\u00bb custom_padding=\u00a0\u00bb0px||||false|false\u00a0\u00bb global_colors_info=\u00a0\u00bb{}\u00a0\u00bb][et_pb_row _builder_version=\u00a0\u00bb4.27.4&Prime; _module_preset=\u00a0\u00bbdefault\u00a0\u00bb max_width=\u00a0\u00bb1280px\u00a0\u00bb custom_margin=\u00a0\u00bb30px||||false|false\u00a0\u00bb custom_padding=\u00a0\u00bb0px||0px||false|false\u00a0\u00bb global_colors_info=\u00a0\u00bb{}\u00a0\u00bb][et_pb_column type=\u00a0\u00bb4_4&Prime; _builder_version=\u00a0\u00bb4.27.4&Prime; _module_preset=\u00a0\u00bbdefault\u00a0\u00bb global_colors_info=\u00a0\u00bb{}\u00a0\u00bb][et_pb_text _builder_version=\u00a0\u00bb4.27.4&Prime; _module_preset=\u00a0\u00bbdefault\u00a0\u00bb text_text_color=\u00a0\u00bb#000000&Prime; header_2_font=\u00a0\u00bb|600|||||||\u00a0\u00bb header_2_font_size=\u00a0\u00bb36px\u00a0\u00bb header_3_line_height=\u00a0\u00bb1.2em\u00a0\u00bb custom_margin=\u00a0\u00bb||10px||false|false\u00a0\u00bb hover_enabled=\u00a0\u00bb0&Prime; global_colors_info=\u00a0\u00bb{}\u00a0\u00bb sticky_enabled=\u00a0\u00bb0&Prime;]<\/p>\n<h2>Qu&rsquo;est-ce que l&rsquo;or dentaire et quels types de d\u00e9chets dentaires achetez-vous?<\/h2>\n<p>[\/et_pb_text][et_pb_image src=\u00a0\u00bbhttps:\/\/montrealgold.ca\/wp-content\/uploads\/2025\/02\/Dental-Scrap-Gold-Silver.jpeg\u00a0\u00bb alt=\u00a0\u00bbDental Gold\u00a0\u00bb title_text=\u00a0\u00bbDental-Scrap-Gold-Silver\u00a0\u00bb _builder_version=\u00a0\u00bb4.27.4&Prime; _module_preset=\u00a0\u00bbdefault\u00a0\u00bb width=\u00a0\u00bb25%\u00a0\u00bb custom_css_main_element=\u00a0\u00bbfloat: right;||padding-left: 20px;\u00a0\u00bb global_colors_info=\u00a0\u00bb{}\u00a0\u00bb custom_css_main_element_last_edited=\u00a0\u00bbon|desktop\u00a0\u00bb custom_css_main_element_tablet=\u00a0\u00bbfloat: right;||padding-left: 20px;\u00a0\u00bb custom_css_main_element_phone=\u00a0\u00bbfloat: right;||padding-left: 20px;\u00a0\u00bb][\/et_pb_image][et_pb_text _builder_version=\u00a0\u00bb4.27.4&Prime; _module_preset=\u00a0\u00bbdefault\u00a0\u00bb text_text_color=\u00a0\u00bb#000000&Prime; link_font=\u00a0\u00bb|600|||||||\u00a0\u00bb header_3_line_height=\u00a0\u00bb1.2em\u00a0\u00bb hover_enabled=\u00a0\u00bb0&Prime; global_colors_info=\u00a0\u00bb{}\u00a0\u00bb sticky_enabled=\u00a0\u00bb0&Prime;]<\/p>\n<p>L&rsquo;or dentaire provient de divers articles dentaires tels que les couronnes, les bridges, les implants, les plombages, les dents en or extraites, les meulages et les balayages. Si vous avez de l&rsquo;or dentaire (ne serait-ce que quelques dents ou de petites quantit\u00e9s), apportez-le dans l&rsquo;un de nos \u00e9tablissements pour une \u00e9valuation gratuite et obtenez une offre sur-le-champ.<\/p>\n<h3>Quelle quantit\u00e9 d&rsquo;or dentaire dois-je apporter?<\/h3>\n<p>Nous achetons de petites quantit\u00e9s d&rsquo;or dentaire, g\u00e9n\u00e9ralement de 1 \u00e0 10 dents ou des d\u00e9bris pesant entre 1 et 30 grammes. Aucune quantit\u00e9 minimale n&rsquo;est requise pour nous vendre votre or dentaire. Que vous ayez une seule dent ou une petite collection, nous vous ferons une offre \u00e9quitable bas\u00e9e sur la valeur actuelle du march\u00e9. Si vous poss\u00e9dez une grande quantit\u00e9 d&rsquo;or dentaire, envisagez d&rsquo;utiliser notre<span>\u00a0<\/span><a href=\"https:\/\/canadaorstg.wpenginepowered.com\/fr\/ce-que-nous-achetons\/or-dentaire\/dental-gold-program\/\" target=\"_blank\" rel=\"noopener\">Programme Dental Gold<\/a>.<\/p>\n<h3>Quels sont les m\u00e9taux contenus dans l&rsquo;or dentaire et les payez-vous tous?<\/h3>\n<p>L&rsquo;or dentaire est rarement de l&rsquo;or pur. En fait, il contient souvent d&rsquo;autres m\u00e9taux pr\u00e9cieux tels que le platine, le palladium et l&rsquo;argent pour am\u00e9liorer la r\u00e9sistance et la durabilit\u00e9. Jusqu&rsquo;\u00e0 30% de votre or dentaire peut \u00eatre compos\u00e9 de ces m\u00e9taux. Alors que de nombreux acheteurs ne paient que pour le contenu en or, Canada Gold vous paie pour la totalit\u00e9 du contenu en m\u00e9taux pr\u00e9cieux, y compris le platine, le palladium et l&rsquo;argent.<\/p>\n<h3>Comment Canada Gold affine-t-il l&rsquo;or dentaire?<\/h3>\n<p>Notre processus d&rsquo;affinage de l&rsquo;or dentaire est \u00e0 la pointe de la technologie et est g\u00e9r\u00e9 par nos experts qualifi\u00e9s. Le processus comprend<\/p>\n<ul>\n<li>Pes\u00e9e et caract\u00e9risation &#8211; Votre or dentaire est enregistr\u00e9 et pes\u00e9.<\/li>\n<li>Dissolution et s\u00e9paration &#8211; Les m\u00e9taux pr\u00e9cieux sont s\u00e9par\u00e9s \u00e0 l&rsquo;aide de m\u00e9thodes avanc\u00e9es.<\/li>\n<li>Essais et \u00e9valuation &#8211; Nous mesurons chaque m\u00e9tal \u00e0 l&rsquo;\u00e9tat pur et le pesons pour en d\u00e9terminer la valeur.<\/li>\n<li>Rapport &#8211; Nous fournissons un rapport indiquant la quantit\u00e9 d&rsquo;or r\u00e9cup\u00e9r\u00e9e et sa valeur marchande actuelle. Selon la quantit\u00e9 d&rsquo;autres m\u00e9taux pr\u00e9cieux pr\u00e9sents, Canada Gold paiera une prime pour ces m\u00e9taux \u00e9galement.<\/li>\n<\/ul>\n<h3>Quelle est la valeur de mon or dentaire?<\/h3>\n<p>La valeur de votre or dentaire d\u00e9pend du prix actuel du march\u00e9 de l&rsquo;or et des autres m\u00e9taux pr\u00e9cieux qu&rsquo;il contient. Bien qu&rsquo;il soit difficile d&rsquo;estimer sa valeur sans proc\u00e9der \u00e0 des tests appropri\u00e9s, nos experts utilisent un \u00e9quipement conforme aux normes de l&rsquo;industrie pour d\u00e9terminer avec pr\u00e9cision la valeur de vos d\u00e9chets. Vous recevrez un paiement imm\u00e9diat bas\u00e9 sur les taux les plus r\u00e9cents du march\u00e9 des m\u00e9taux pr\u00e9cieux.<\/p>\n<h3>Payez-vous uniquement pour l&rsquo;or ou \u00e9galement pour les autres m\u00e9taux?<\/h3>\n<p>Contrairement \u00e0 de nombreux autres acheteurs, Canada Gold paie pour la totalit\u00e9 du contenu m\u00e9tallique &#8211; or, platine, palladium, argent et tout autre m\u00e9tal pr\u00e9cieux trouv\u00e9 dans votre or dentaire.<\/p>\n<h3>Dois-je apporter une grande quantit\u00e9 d&rsquo;or dentaire?<\/h3>\n<p>Pas du tout ! M\u00eame si vous n&rsquo;avez qu&rsquo;une petite quantit\u00e9 d&rsquo;or dentaire (moins de 30 g), nous sommes heureux de l&rsquo;acheter. Il n&rsquo;y a pas de minimum requis &#8211; il vous suffit d&rsquo;apporter ce que vous avez, et nous vous ferons une offre \u00e9quitable.<\/p>\n<p>[\/et_pb_text][\/et_pb_column][\/et_pb_row][\/et_pb_section]<\/p>\n","protected":false},"excerpt":{"rendered":"<p>Or dentaire en petites quantit\u00e9s<span><span><a href=\"https:\/\/montrealgold.ca\/\">Accueil<\/a><\/span><\/span>Qu&rsquo;est-ce que l&rsquo;or dentaire et quels types de d\u00e9chets dentaires achetez-vous?L&rsquo;or dentaire provient de divers articles dentaires tels que les couronnes, les bridges, les implants, les plombages, les dents en or extraites, les meulages et les balayages. Si vous avez de l&rsquo;or dentaire (ne serait-ce que quelques dents ou de petites [&hellip;]<\/p>\n","protected":false},"author":1,"featured_media":0,"parent":71620,"menu_order":0,"comment_status":"closed","ping_status":"closed","template":"","meta":{"_acf_changed":false,"_et_pb_use_builder":"on","_et_pb_old_content":"","_et_gb_content_width":"","footnotes":""},"class_list":["post-74212","page","type-page","status-publish","hentry"],"acf":[],"yoast_head":"<!-- This site is optimized with the Yoast SEO plugin v27.5 - https:\/\/yoast.com\/product\/yoast-seo-wordpress\/ -->\n<title>Small Quantity Dental Gold - Montreal Gold<\/title>\n<meta name=\"description\" content=\"Bring in your dental gold for the best price. Our purchase price is based on the karat purity and current market prices on scrap gold.\" \/>\n<meta name=\"robots\" content=\"index, follow, max-snippet:-1, max-image-preview:large, max-video-preview:-1\" \/>\n<link rel=\"canonical\" href=\"https:\/\/montrealgold.ca\/zh\/sell-to-us\/\u7259\u79d1\u9ec3\u91d1\/small-quantity-dental-gold\/\" \/>\n<meta property=\"og:locale\" content=\"zh_HK\" \/>\n<meta property=\"og:type\" content=\"article\" \/>\n<meta property=\"og:title\" content=\"Small Quantity Dental Gold - Montreal Gold\" \/>\n<meta property=\"og:description\" content=\"Bring in your dental gold for the best price. Our purchase price is based on the karat purity and current market prices on scrap gold.\" \/>\n<meta property=\"og:url\" content=\"https:\/\/montrealgold.ca\/zh\/sell-to-us\/\u7259\u79d1\u9ec3\u91d1\/small-quantity-dental-gold\/\" \/>\n<meta property=\"og:site_name\" content=\"Montreal Gold\" \/>\n<meta property=\"article:publisher\" content=\"https:\/\/www.facebook.com\/CanadaGoldBBB\" \/>\n<meta property=\"article:modified_time\" content=\"2025-11-24T19:37:44+00:00\" \/>\n<meta property=\"og:image\" content=\"https:\/\/montrealgold.ca\/wp-content\/uploads\/2025\/11\/Canada-Gold-Regional-Web-Logo-Navy-With-White-Background_Montreal.png\" \/>\n\t<meta property=\"og:image:width\" content=\"879\" \/>\n\t<meta property=\"og:image:height\" content=\"156\" \/>\n\t<meta property=\"og:image:type\" content=\"image\/png\" \/>\n<meta name=\"twitter:card\" content=\"summary_large_image\" \/>\n<meta name=\"twitter:site\" content=\"@canadagoldbbb\" \/>\n<meta name=\"twitter:label1\" content=\"\u9810\u8a08\u95b1\u8b80\u6642\u9593\" \/>\n\t<meta name=\"twitter:data1\" content=\"3 \u5206\u9418\" \/>\n<script type=\"application\/ld+json\" class=\"yoast-schema-graph\">{\"@context\":\"https:\\\/\\\/schema.org\",\"@graph\":[{\"@type\":\"WebPage\",\"@id\":\"https:\\\/\\\/montrealgold.ca\\\/sell-to-us\\\/dental-gold\\\/small-quantity-dental-gold\\\/\",\"url\":\"https:\\\/\\\/montrealgold.ca\\\/sell-to-us\\\/dental-gold\\\/small-quantity-dental-gold\\\/\",\"name\":\"Small Quantity Dental Gold - Montreal Gold\",\"isPartOf\":{\"@id\":\"https:\\\/\\\/montrealgold.ca\\\/#website\"},\"datePublished\":\"2025-03-29T02:45:26+00:00\",\"dateModified\":\"2025-11-24T19:37:44+00:00\",\"description\":\"Bring in your dental gold for the best price. Our purchase price is based on the karat purity and current market prices on scrap gold.\",\"breadcrumb\":{\"@id\":\"https:\\\/\\\/montrealgold.ca\\\/sell-to-us\\\/dental-gold\\\/small-quantity-dental-gold\\\/#breadcrumb\"},\"inLanguage\":\"zh-HK\",\"potentialAction\":[{\"@type\":\"ReadAction\",\"target\":[\"https:\\\/\\\/montrealgold.ca\\\/sell-to-us\\\/dental-gold\\\/small-quantity-dental-gold\\\/\"]}]},{\"@type\":\"BreadcrumbList\",\"@id\":\"https:\\\/\\\/montrealgold.ca\\\/sell-to-us\\\/dental-gold\\\/small-quantity-dental-gold\\\/#breadcrumb\",\"itemListElement\":[{\"@type\":\"ListItem\",\"position\":1,\"name\":\"Accueil\",\"item\":\"https:\\\/\\\/montrealgold.ca\\\/\"},{\"@type\":\"ListItem\",\"position\":2,\"name\":\"Vendez-nous\",\"item\":\"https:\\\/\\\/montrealgold.ca\\\/sell-to-us\\\/\"},{\"@type\":\"ListItem\",\"position\":3,\"name\":\"Sell Your Dental Gold\",\"item\":\"https:\\\/\\\/montrealgold.ca\\\/sell-to-us\\\/dental-gold\\\/\"},{\"@type\":\"ListItem\",\"position\":4,\"name\":\"Small Quantity Dental Gold\"}]},{\"@type\":\"WebSite\",\"@id\":\"https:\\\/\\\/montrealgold.ca\\\/#website\",\"url\":\"https:\\\/\\\/montrealgold.ca\\\/\",\"name\":\"Montreal Gold\",\"description\":\"A Division of Canada Gold\",\"publisher\":{\"@id\":\"https:\\\/\\\/montrealgold.ca\\\/#organization\"},\"potentialAction\":[{\"@type\":\"SearchAction\",\"target\":{\"@type\":\"EntryPoint\",\"urlTemplate\":\"https:\\\/\\\/montrealgold.ca\\\/?s={search_term_string}\"},\"query-input\":{\"@type\":\"PropertyValueSpecification\",\"valueRequired\":true,\"valueName\":\"search_term_string\"}}],\"inLanguage\":\"zh-HK\"},{\"@type\":\"Organization\",\"@id\":\"https:\\\/\\\/montrealgold.ca\\\/#organization\",\"name\":\"Montreal Gold\",\"url\":\"https:\\\/\\\/montrealgold.ca\\\/\",\"logo\":{\"@type\":\"ImageObject\",\"inLanguage\":\"zh-HK\",\"@id\":\"https:\\\/\\\/montrealgold.ca\\\/#\\\/schema\\\/logo\\\/image\\\/\",\"url\":\"https:\\\/\\\/montrealgold.ca\\\/wp-content\\\/uploads\\\/2025\\\/01\\\/cropped-favicon.png\",\"contentUrl\":\"https:\\\/\\\/montrealgold.ca\\\/wp-content\\\/uploads\\\/2025\\\/01\\\/cropped-favicon.png\",\"width\":512,\"height\":512,\"caption\":\"Montreal Gold\"},\"image\":{\"@id\":\"https:\\\/\\\/montrealgold.ca\\\/#\\\/schema\\\/logo\\\/image\\\/\"},\"sameAs\":[\"https:\\\/\\\/www.facebook.com\\\/CanadaGoldBBB\",\"https:\\\/\\\/x.com\\\/canadagoldbbb\"]}]}<\/script>\n<!-- \/ Yoast SEO plugin. -->","yoast_head_json":{"title":"\u5c11\u91cf\u7259\u79d1\u9ec3\u91d1 - \u8499\u7279\u5a41\u9ec3\u91d1","description":"\u8acb\u651c\u5e36\u60a8\u7684\u7259\u79d1\u9ec3\u91d1\u524d\u4f86\uff0c\u6211\u5011\u5c07\u4ee5\u6700\u512a\u50f9\u683c\u6536\u8cfc\u3002\u6536\u8cfc\u50f9\u683c\u4f9d\u64da\u9ec3\u91d1\u7d14\u5ea6\u53ca\u7576\u524d\u5ee2\u91d1\u5e02\u5834\u884c\u60c5\u800c\u5b9a\u3002.","robots":{"index":"index","follow":"follow","max-snippet":"max-snippet:-1","max-image-preview":"max-image-preview:large","max-video-preview":"max-video-preview:-1"},"canonical":"https:\/\/montrealgold.ca\/zh\/sell-to-us\/\u7259\u79d1\u9ec3\u91d1\/small-quantity-dental-gold\/","og_locale":"zh_HK","og_type":"article","og_title":"Small Quantity Dental Gold - Montreal Gold","og_description":"Bring in your dental gold for the best price. Our purchase price is based on the karat purity and current market prices on scrap gold.","og_url":"https:\/\/montrealgold.ca\/zh\/sell-to-us\/\u7259\u79d1\u9ec3\u91d1\/small-quantity-dental-gold\/","og_site_name":"Montreal Gold","article_publisher":"https:\/\/www.facebook.com\/CanadaGoldBBB","article_modified_time":"2025-11-24T19:37:44+00:00","og_image":[{"width":879,"height":156,"url":"https:\/\/montrealgold.ca\/wp-content\/uploads\/2025\/11\/Canada-Gold-Regional-Web-Logo-Navy-With-White-Background_Montreal.png","type":"image\/png"}],"twitter_card":"summary_large_image","twitter_site":"@canadagoldbbb","twitter_misc":{"\u9810\u8a08\u95b1\u8b80\u6642\u9593":"3 \u5206\u9418"},"schema":{"@context":"https:\/\/schema.org","@graph":[{"@type":"WebPage","@id":"https:\/\/montrealgold.ca\/sell-to-us\/dental-gold\/small-quantity-dental-gold\/","url":"https:\/\/montrealgold.ca\/sell-to-us\/dental-gold\/small-quantity-dental-gold\/","name":"\u5c11\u91cf\u7259\u79d1\u9ec3\u91d1 - \u8499\u7279\u5a41\u9ec3\u91d1","isPartOf":{"@id":"https:\/\/montrealgold.ca\/#website"},"datePublished":"2025-03-29T02:45:26+00:00","dateModified":"2025-11-24T19:37:44+00:00","description":"\u8acb\u651c\u5e36\u60a8\u7684\u7259\u79d1\u9ec3\u91d1\u524d\u4f86\uff0c\u6211\u5011\u5c07\u4ee5\u6700\u512a\u50f9\u683c\u6536\u8cfc\u3002\u6536\u8cfc\u50f9\u683c\u4f9d\u64da\u9ec3\u91d1\u7d14\u5ea6\u53ca\u7576\u524d\u5ee2\u91d1\u5e02\u5834\u884c\u60c5\u800c\u5b9a\u3002.","breadcrumb":{"@id":"https:\/\/montrealgold.ca\/sell-to-us\/dental-gold\/small-quantity-dental-gold\/#breadcrumb"},"inLanguage":"zh-HK","potentialAction":[{"@type":"ReadAction","target":["https:\/\/montrealgold.ca\/sell-to-us\/dental-gold\/small-quantity-dental-gold\/"]}]},{"@type":"BreadcrumbList","@id":"https:\/\/montrealgold.ca\/sell-to-us\/dental-gold\/small-quantity-dental-gold\/#breadcrumb","itemListElement":[{"@type":"ListItem","position":1,"name":"Accueil","item":"https:\/\/montrealgold.ca\/"},{"@type":"ListItem","position":2,"name":"Vendez-nous","item":"https:\/\/montrealgold.ca\/sell-to-us\/"},{"@type":"ListItem","position":3,"name":"Sell Your Dental Gold","item":"https:\/\/montrealgold.ca\/sell-to-us\/dental-gold\/"},{"@type":"ListItem","position":4,"name":"Small Quantity Dental Gold"}]},{"@type":"WebSite","@id":"https:\/\/montrealgold.ca\/#website","url":"https:\/\/montrealgold.ca\/","name":"\u8499\u7279\u5a41\u91d1","description":"\u52a0\u62ff\u5927\u9ec3\u91d1\u90e8\u9580","publisher":{"@id":"https:\/\/montrealgold.ca\/#organization"},"potentialAction":[{"@type":"SearchAction","target":{"@type":"EntryPoint","urlTemplate":"https:\/\/montrealgold.ca\/?s={search_term_string}"},"query-input":{"@type":"PropertyValueSpecification","valueRequired":true,"valueName":"search_term_string"}}],"inLanguage":"zh-HK"},{"@type":"Organization","@id":"https:\/\/montrealgold.ca\/#organization","name":"\u8499\u7279\u5a41\u91d1","url":"https:\/\/montrealgold.ca\/","logo":{"@type":"ImageObject","inLanguage":"zh-HK","@id":"https:\/\/montrealgold.ca\/#\/schema\/logo\/image\/","url":"https:\/\/montrealgold.ca\/wp-content\/uploads\/2025\/01\/cropped-favicon.png","contentUrl":"https:\/\/montrealgold.ca\/wp-content\/uploads\/2025\/01\/cropped-favicon.png","width":512,"height":512,"caption":"Montreal Gold"},"image":{"@id":"https:\/\/montrealgold.ca\/#\/schema\/logo\/image\/"},"sameAs":["https:\/\/www.facebook.com\/CanadaGoldBBB","https:\/\/x.com\/canadagoldbbb"]}]}},"_links":{"self":[{"href":"https:\/\/montrealgold.ca\/zh\/wp-json\/wp\/v2\/pages\/74212","targetHints":{"allow":["GET"]}}],"collection":[{"href":"https:\/\/montrealgold.ca\/zh\/wp-json\/wp\/v2\/pages"}],"about":[{"href":"https:\/\/montrealgold.ca\/zh\/wp-json\/wp\/v2\/types\/page"}],"author":[{"embeddable":true,"href":"https:\/\/montrealgold.ca\/zh\/wp-json\/wp\/v2\/users\/1"}],"replies":[{"embeddable":true,"href":"https:\/\/montrealgold.ca\/zh\/wp-json\/wp\/v2\/comments?post=74212"}],"version-history":[{"count":0,"href":"https:\/\/montrealgold.ca\/zh\/wp-json\/wp\/v2\/pages\/74212\/revisions"}],"up":[{"embeddable":true,"href":"https:\/\/montrealgold.ca\/zh\/wp-json\/wp\/v2\/pages\/71620"}],"wp:attachment":[{"href":"https:\/\/montrealgold.ca\/zh\/wp-json\/wp\/v2\/media?parent=74212"}],"curies":[{"name":"wp","href":"https:\/\/api.w.org\/{rel}","templated":true}]}}