{"id":71620,"date":"2025-01-28T23:51:18","date_gmt":"2025-01-28T23:51:18","guid":{"rendered":"https:\/\/vancouver25dev.wpenginepowered.com\/?page_id=71620"},"modified":"2025-11-24T14:34:11","modified_gmt":"2025-11-24T19:34:11","slug":"%e7%89%99%e7%a7%91%e9%bb%83%e9%87%91","status":"publish","type":"page","link":"https:\/\/montrealgold.ca\/zh\/sell-to-us\/dental-gold\/","title":{"rendered":"\u51fa\u552e\u60a8\u7684\u7259\u79d1\u9ec3\u91d1"},"content":{"rendered":"<p>[et_pb_section fb_built=\u00a0\u00bb1&Prime; custom_padding_last_edited=\u00a0\u00bbon|desktop\u00a0\u00bb admin_label=\u00a0\u00bbSection\u00a0\u00bb _builder_version=\u00a0\u00bb4.27.4&Prime; _module_preset=\u00a0\u00bbdefault\u00a0\u00bb background_color=\u00a0\u00bb#032340&Prime; height_tablet=\u00a0\u00bb\u00a0\u00bb height_phone=\u00a0\u00bb\u00a0\u00bb height_last_edited=\u00a0\u00bbon|desktop\u00a0\u00bb custom_padding=\u00a0\u00bb9px||4px||false|false\u00a0\u00bb custom_padding_tablet=\u00a0\u00bb9px||4px||false|false\u00a0\u00bb custom_padding_phone=\u00a0\u00bb9px||4px||false|false\u00a0\u00bb border_color_bottom=\u00a0\u00bb#D2AE74&Prime; saved_tabs=\u00a0\u00bball\u00a0\u00bb locked=\u00a0\u00bboff\u00a0\u00bb collapsed=\u00a0\u00bboff\u00a0\u00bb global_colors_info=\u00a0\u00bb{}\u00a0\u00bb][et_pb_row make_equal=\u00a0\u00bbon\u00a0\u00bb _builder_version=\u00a0\u00bb4.27.4&Prime; _module_preset=\u00a0\u00bbdefault\u00a0\u00bb custom_padding=\u00a0\u00bb0px||0px||false|false\u00a0\u00bb custom_css_main_element=\u00a0\u00bbdisplay:flex;\u00a0\u00bb global_colors_info=\u00a0\u00bb{}\u00a0\u00bb][et_pb_column type=\u00a0\u00bb4_4&Prime; _builder_version=\u00a0\u00bb4.27.4&Prime; _module_preset=\u00a0\u00bbdefault\u00a0\u00bb custom_css_main_element=\u00a0\u00bbdisplay:flex;||flex-direction:column;||justify-content: center;\u00a0\u00bb global_colors_info=\u00a0\u00bb{}\u00a0\u00bb][et_pb_text _builder_version=\u00a0\u00bb4.27.4&Prime; _module_preset=\u00a0\u00bbdefault\u00a0\u00bb header_font=\u00a0\u00bb|&#8211;et_global_heading_font_weight||on|||||\u00a0\u00bb header_text_align=\u00a0\u00bbcenter\u00a0\u00bb header_text_color=\u00a0\u00bb#FFFFFF\u00a0\u00bb header_font_size=\u00a0\u00bb38px\u00a0\u00bb hover_enabled=\u00a0\u00bb0&Prime; custom_css_free_form=\u00a0\u00bb.selector h1 {||  font-weight:400!important;||}\u00a0\u00bb global_colors_info=\u00a0\u00bb{}\u00a0\u00bb sticky_enabled=\u00a0\u00bb0&Prime;]<\/p>\n<h1>Vendez votre or dentaire<\/h1>\n<p>[\/et_pb_text][\/et_pb_column][\/et_pb_row][\/et_pb_section][et_pb_section fb_built=\u00a0\u00bb1&Prime; _builder_version=\u00a0\u00bb4.27.4&Prime; _module_preset=\u00a0\u00bbdefault\u00a0\u00bb custom_margin=\u00a0\u00bb||20px||false|false\u00a0\u00bb custom_padding=\u00a0\u00bb0px||0px||false|false\u00a0\u00bb global_module=\u00a0\u00bb151&Prime; saved_tabs=\u00a0\u00bball\u00a0\u00bb locked=\u00a0\u00bboff\u00a0\u00bb global_colors_info=\u00a0\u00bb{}\u00a0\u00bb][et_pb_row _builder_version=\u00a0\u00bb4.27.4&Prime; _module_preset=\u00a0\u00bbdefault\u00a0\u00bb max_width=\u00a0\u00bb1280px\u00a0\u00bb custom_padding=\u00a0\u00bb20px||20px||true|false\u00a0\u00bb global_colors_info=\u00a0\u00bb{}\u00a0\u00bb][et_pb_column type=\u00a0\u00bb4_4&Prime; _builder_version=\u00a0\u00bb4.27.4&Prime; _module_preset=\u00a0\u00bbdefault\u00a0\u00bb global_colors_info=\u00a0\u00bb{}\u00a0\u00bb][et_pb_text _builder_version=\u00a0\u00bb4.27.4&Prime; _module_preset=\u00a0\u00bbdefault\u00a0\u00bb text_font=\u00a0\u00bb|&#8211;et_global_body_font_weight||on|||||\u00a0\u00bb text_text_color=\u00a0\u00bb#0E3E63&Prime; text_font_size=\u00a0\u00bb14px\u00a0\u00bb link_font=\u00a0\u00bb|||on|||||\u00a0\u00bb link_text_color=\u00a0\u00bb#000000&Prime; global_colors_info=\u00a0\u00bb{}\u00a0\u00bb]<\/p>\n<div data-plaintext=\"true\" data-pm-slice=\"1 1 [&quot;codeblock&quot;,{&quot;style&quot;:null,&quot;codeblock&quot;:true,&quot;textAlign&quot;:null,&quot;syntaxLanguage&quot;:null,&quot;lineWrapping&quot;:false}]\" data-en-clipboard=\"true\"><span><span><a href=\"https:\/\/montrealgold.ca\/\">Accueil<\/a><\/span><\/span><\/div>\n<p>[\/et_pb_text][\/et_pb_column][\/et_pb_row][\/et_pb_section][et_pb_section fb_built=\u00a0\u00bb1&Prime; _builder_version=\u00a0\u00bb4.27.4&Prime; _module_preset=\u00a0\u00bbdefault\u00a0\u00bb custom_padding=\u00a0\u00bb0px||||false|false\u00a0\u00bb global_colors_info=\u00a0\u00bb{}\u00a0\u00bb][et_pb_row column_structure=\u00a0\u00bb2_3,1_3&Prime; _builder_version=\u00a0\u00bb4.27.4&Prime; _module_preset=\u00a0\u00bbdefault\u00a0\u00bb max_width=\u00a0\u00bb1280px\u00a0\u00bb custom_margin=\u00a0\u00bb30px||50px||false|false\u00a0\u00bb custom_padding=\u00a0\u00bb0px||0px||false|false\u00a0\u00bb global_colors_info=\u00a0\u00bb{}\u00a0\u00bb][et_pb_column type=\u00a0\u00bb2_3&Prime; _builder_version=\u00a0\u00bb4.27.4&Prime; _module_preset=\u00a0\u00bbdefault\u00a0\u00bb global_colors_info=\u00a0\u00bb{}\u00a0\u00bb][et_pb_text _builder_version=\u00a0\u00bb4.27.4&Prime; _module_preset=\u00a0\u00bbdefault\u00a0\u00bb text_text_color=\u00a0\u00bb#000000&Prime; header_3_line_height=\u00a0\u00bb1.2em\u00a0\u00bb hover_enabled=\u00a0\u00bb0&Prime; global_colors_info=\u00a0\u00bb{}\u00a0\u00bb sticky_enabled=\u00a0\u00bb0&Prime;]<\/p>\n<p>Fond\u00e9e en 2009, Canada Gold aide ses clients \u00e0 tirer le meilleur parti de leur or, de leur argent, de leur platine et de leur palladium. L&rsquo;or dentaire est une source de ces m\u00e9taux pr\u00e9cieux \u00e0 laquelle les gens ne pensent pas toujours.<\/p>\n<p>Canada Gold a \u00e9tabli la norme de l&rsquo;industrie en mati\u00e8re de paiements \u00e9lev\u00e9s et de service \u00e0 la client\u00e8le pour l&rsquo;or dentaire.<\/p>\n<p>En fonction du montant que vous souhaitez vendre, nous vous proposons des moyens simples d&rsquo;obtenir un meilleur prix pour votre or dentaire. Nos analystes experts examineront vos m\u00e9taux et vous proposeront une compensation bas\u00e9e sur la valeur actuelle du march\u00e9.<\/p>\n<p>[\/et_pb_text][\/et_pb_column][et_pb_column type=\u00a0\u00bb1_3&Prime; _builder_version=\u00a0\u00bb4.27.4&Prime; _module_preset=\u00a0\u00bbdefault\u00a0\u00bb global_colors_info=\u00a0\u00bb{}\u00a0\u00bb][et_pb_image src=\u00a0\u00bbhttps:\/\/montrealgold.ca\/wp-content\/uploads\/2025\/02\/Dental-Crown-shutterstock_1026816349-500.jpg\u00a0\u00bb alt=\u00a0\u00bbCrowns\u00a0\u00bb _builder_version=\u00a0\u00bb4.27.4&Prime; _module_preset=\u00a0\u00bbdefault\u00a0\u00bb width=\u00a0\u00bb60%\u00a0\u00bb global_colors_info=\u00a0\u00bb{}\u00a0\u00bb custom_css_main_element_last_edited=\u00a0\u00bbon|desktop\u00a0\u00bb][\/et_pb_image][\/et_pb_column][\/et_pb_row][et_pb_row column_structure=\u00a0\u00bb1_2,1_2&Prime; _builder_version=\u00a0\u00bb4.27.4&Prime; _module_preset=\u00a0\u00bbdefault\u00a0\u00bb max_width=\u00a0\u00bb1280px\u00a0\u00bb custom_padding=\u00a0\u00bb0px||0px||false|false\u00a0\u00bb global_colors_info=\u00a0\u00bb{}\u00a0\u00bb][et_pb_column type=\u00a0\u00bb1_2&Prime; _builder_version=\u00a0\u00bb4.27.4&Prime; _module_preset=\u00a0\u00bbdefault\u00a0\u00bb global_colors_info=\u00a0\u00bb{}\u00a0\u00bb][et_pb_cta title=\u00a0\u00bbOR DENTAIRE EN PETITES QUANTIT\u00c9S\u00a0\u00bb button_url=\u00a0\u00bb\/what-we-buy\/dental-gold\/small-quantity-dental-gold\/\u00a0\u00bb button_text=\u00a0\u00bbEN SAVOIR PLUS\u00a0\u00bb _builder_version=\u00a0\u00bb4.27.4&Prime; _module_preset=\u00a0\u00bbdefault\u00a0\u00bb header_font=\u00a0\u00bb&#8211;et_global_heading_font|&#8211;et_global_body_font_weight|||||||\u00a0\u00bb header_text_color=\u00a0\u00bb#FFFFFF\u00a0\u00bb body_font=\u00a0\u00bb|&#8211;et_global_body_font_weight|||||||\u00a0\u00bb body_text_color=\u00a0\u00bb#FFFFFF\u00a0\u00bb background_color=\u00a0\u00bb#0E3E63&Prime; custom_button=\u00a0\u00bbon\u00a0\u00bb button_text_size=\u00a0\u00bb17px\u00a0\u00bb button_text_color=\u00a0\u00bb#FFFFFF\u00a0\u00bb button_bg_color=\u00a0\u00bb#032340&Prime; button_border_width=\u00a0\u00bb2px\u00a0\u00bb button_border_color=\u00a0\u00bb#FFFFFF\u00a0\u00bb button_use_icon=\u00a0\u00bboff\u00a0\u00bb hover_enabled=\u00a0\u00bb0&Prime; custom_css_free_form=\u00a0\u00bbselector p {||  color: #ffffff !important;||}\u00a0\u00bb border_width_all=\u00a0\u00bb3px\u00a0\u00bb border_color_all=\u00a0\u00bb#0E3E63&Prime; global_colors_info=\u00a0\u00bb{}\u00a0\u00bb button_bg_color__hover_enabled=\u00a0\u00bbon|hover\u00a0\u00bb button_bg_color__hover=\u00a0\u00bb#FFFFFF\u00a0\u00bb button_bg_enable_color__hover=\u00a0\u00bbon\u00a0\u00bb button_text_color__hover_enabled=\u00a0\u00bbon|hover\u00a0\u00bb button_text_color__hover=\u00a0\u00bb#032340&Prime; button_border_color__hover_enabled=\u00a0\u00bbon|desktop\u00a0\u00bb button_border_color__hover=\u00a0\u00bb#032340&Prime; sticky_enabled=\u00a0\u00bb0&Prime;]<\/p>\n<p>Vendre de petites quantit\u00e9s d&rsquo;or dentaire (~10 dents en or)<\/p>\n<p>[\/et_pb_cta][\/et_pb_column][et_pb_column type=\u00a0\u00bb1_2&Prime; _builder_version=\u00a0\u00bb4.27.4&Prime; _module_preset=\u00a0\u00bbdefault\u00a0\u00bb global_colors_info=\u00a0\u00bb{}\u00a0\u00bb][et_pb_cta title=\u00a0\u00bbPROGRAMME DENTAL GOLD\u00a0\u00bb button_url=\u00a0\u00bb\/what-we-buy\/dental-gold\/dental-gold-program\/\u00a0\u00bb button_text=\u00a0\u00bbEN SAVOIR PLUS\u00a0\u00bb _builder_version=\u00a0\u00bb4.27.4&Prime; _module_preset=\u00a0\u00bbdefault\u00a0\u00bb header_font=\u00a0\u00bb&#8211;et_global_heading_font|&#8211;et_global_body_font_weight|||||||\u00a0\u00bb header_text_color=\u00a0\u00bb#FFFFFF\u00a0\u00bb body_font=\u00a0\u00bb|600|||||||\u00a0\u00bb body_text_color=\u00a0\u00bb#FFFFFF\u00a0\u00bb background_color=\u00a0\u00bb#0E3E63&Prime; custom_button=\u00a0\u00bbon\u00a0\u00bb button_text_size=\u00a0\u00bb17px\u00a0\u00bb button_bg_color=\u00a0\u00bb#032340&Prime; button_border_width=\u00a0\u00bb2px\u00a0\u00bb button_border_color=\u00a0\u00bb#FFFFFF\u00a0\u00bb button_use_icon=\u00a0\u00bboff\u00a0\u00bb hover_enabled=\u00a0\u00bb0&Prime; custom_css_free_form=\u00a0\u00bbselector p {||  color: #ffffff !important;||}\u00a0\u00bb border_width_all=\u00a0\u00bb3px\u00a0\u00bb border_color_all=\u00a0\u00bb#0E3E63&Prime; global_colors_info=\u00a0\u00bb{}\u00a0\u00bb button_bg_color__hover_enabled=\u00a0\u00bbon|hover\u00a0\u00bb button_bg_color__hover=\u00a0\u00bb#FFFFFF\u00a0\u00bb button_bg_enable_color__hover=\u00a0\u00bbon\u00a0\u00bb button_text_color__hover_enabled=\u00a0\u00bbon|hover\u00a0\u00bb button_text_color__hover=\u00a0\u00bb#0E3E63&Prime; button_border_color__hover_enabled=\u00a0\u00bbon|desktop\u00a0\u00bb button_border_color__hover=\u00a0\u00bb#032340&Prime; sticky_enabled=\u00a0\u00bb0&Prime;]<\/p>\n<p>Sell de grandes quantit\u00e9s d&rsquo;or dentaire<\/p>\n<p>[\/et_pb_cta][\/et_pb_column][\/et_pb_row][\/et_pb_section]<\/p>\n","protected":false},"excerpt":{"rendered":"<p>Vendez votre or dentaire<span><span><a href=\"https:\/\/montrealgold.ca\/\">Accueil<\/a><\/span><\/span>Fond\u00e9e en 2009, Canada Gold aide ses clients \u00e0 tirer le meilleur parti de leur or, de leur argent, de leur platine et de leur palladium. L&rsquo;or dentaire est une source de ces m\u00e9taux pr\u00e9cieux \u00e0 laquelle les gens ne pensent pas toujours. Canada Gold a \u00e9tabli la norme de l&rsquo;industrie en [&hellip;]<\/p>\n","protected":false},"author":1,"featured_media":0,"parent":71260,"menu_order":0,"comment_status":"closed","ping_status":"closed","template":"","meta":{"_acf_changed":false,"_et_pb_use_builder":"on","_et_pb_old_content":"","_et_gb_content_width":"","footnotes":""},"class_list":["post-71620","page","type-page","status-publish","hentry"],"acf":[],"yoast_head":"<!-- This site is optimized with the Yoast SEO plugin v27.5 - https:\/\/yoast.com\/product\/yoast-seo-wordpress\/ -->\n<title>Sell Your Dental Gold - Montreal Gold<\/title>\n<meta name=\"description\" content=\"Have dental gold to sell, including caps, crowns and gold fillings? We&#039;re one of Canada&#039;s top buyers of dental gold.\" \/>\n<meta name=\"robots\" content=\"index, follow, max-snippet:-1, max-image-preview:large, max-video-preview:-1\" \/>\n<link rel=\"canonical\" href=\"https:\/\/montrealgold.ca\/zh\/sell-to-us\/\u7259\u79d1\u9ec3\u91d1\/\" \/>\n<meta property=\"og:locale\" content=\"zh_HK\" \/>\n<meta property=\"og:type\" content=\"article\" \/>\n<meta property=\"og:title\" content=\"Sell Your Dental Gold - Montreal Gold\" \/>\n<meta property=\"og:description\" content=\"Have dental gold to sell, including caps, crowns and gold fillings? We&#039;re one of Canada&#039;s top buyers of dental gold.\" \/>\n<meta property=\"og:url\" content=\"https:\/\/montrealgold.ca\/zh\/sell-to-us\/\u7259\u79d1\u9ec3\u91d1\/\" \/>\n<meta property=\"og:site_name\" content=\"Montreal Gold\" \/>\n<meta property=\"article:publisher\" content=\"https:\/\/www.facebook.com\/CanadaGoldBBB\" \/>\n<meta property=\"article:modified_time\" content=\"2025-11-24T19:34:11+00:00\" \/>\n<meta property=\"og:image\" content=\"https:\/\/montrealgold.ca\/wp-content\/uploads\/2025\/11\/Canada-Gold-Regional-Web-Logo-Navy-With-White-Background_Montreal.png\" \/>\n\t<meta property=\"og:image:width\" content=\"879\" \/>\n\t<meta property=\"og:image:height\" content=\"156\" \/>\n\t<meta property=\"og:image:type\" content=\"image\/png\" \/>\n<meta name=\"twitter:card\" content=\"summary_large_image\" \/>\n<meta name=\"twitter:site\" content=\"@canadagoldbbb\" \/>\n<meta name=\"twitter:label1\" content=\"\u9810\u8a08\u95b1\u8b80\u6642\u9593\" \/>\n\t<meta name=\"twitter:data1\" content=\"1 \u5206\u9418\" \/>\n<script type=\"application\/ld+json\" class=\"yoast-schema-graph\">{\"@context\":\"https:\\\/\\\/schema.org\",\"@graph\":[{\"@type\":\"WebPage\",\"@id\":\"https:\\\/\\\/montrealgold.ca\\\/sell-to-us\\\/dental-gold\\\/\",\"url\":\"https:\\\/\\\/montrealgold.ca\\\/sell-to-us\\\/dental-gold\\\/\",\"name\":\"Sell Your Dental Gold - Montreal Gold\",\"isPartOf\":{\"@id\":\"https:\\\/\\\/montrealgold.ca\\\/#website\"},\"datePublished\":\"2025-01-28T23:51:18+00:00\",\"dateModified\":\"2025-11-24T19:34:11+00:00\",\"description\":\"Have dental gold to sell, including caps, crowns and gold fillings? We're one of Canada's top buyers of dental gold.\",\"breadcrumb\":{\"@id\":\"https:\\\/\\\/montrealgold.ca\\\/sell-to-us\\\/dental-gold\\\/#breadcrumb\"},\"inLanguage\":\"zh-HK\",\"potentialAction\":[{\"@type\":\"ReadAction\",\"target\":[\"https:\\\/\\\/montrealgold.ca\\\/sell-to-us\\\/dental-gold\\\/\"]}]},{\"@type\":\"BreadcrumbList\",\"@id\":\"https:\\\/\\\/montrealgold.ca\\\/sell-to-us\\\/dental-gold\\\/#breadcrumb\",\"itemListElement\":[{\"@type\":\"ListItem\",\"position\":1,\"name\":\"Accueil\",\"item\":\"https:\\\/\\\/montrealgold.ca\\\/\"},{\"@type\":\"ListItem\",\"position\":2,\"name\":\"Vendez-nous\",\"item\":\"https:\\\/\\\/montrealgold.ca\\\/sell-to-us\\\/\"},{\"@type\":\"ListItem\",\"position\":3,\"name\":\"Sell Your Dental Gold\"}]},{\"@type\":\"WebSite\",\"@id\":\"https:\\\/\\\/montrealgold.ca\\\/#website\",\"url\":\"https:\\\/\\\/montrealgold.ca\\\/\",\"name\":\"Montreal Gold\",\"description\":\"A Division of Canada Gold\",\"publisher\":{\"@id\":\"https:\\\/\\\/montrealgold.ca\\\/#organization\"},\"potentialAction\":[{\"@type\":\"SearchAction\",\"target\":{\"@type\":\"EntryPoint\",\"urlTemplate\":\"https:\\\/\\\/montrealgold.ca\\\/?s={search_term_string}\"},\"query-input\":{\"@type\":\"PropertyValueSpecification\",\"valueRequired\":true,\"valueName\":\"search_term_string\"}}],\"inLanguage\":\"zh-HK\"},{\"@type\":\"Organization\",\"@id\":\"https:\\\/\\\/montrealgold.ca\\\/#organization\",\"name\":\"Montreal Gold\",\"url\":\"https:\\\/\\\/montrealgold.ca\\\/\",\"logo\":{\"@type\":\"ImageObject\",\"inLanguage\":\"zh-HK\",\"@id\":\"https:\\\/\\\/montrealgold.ca\\\/#\\\/schema\\\/logo\\\/image\\\/\",\"url\":\"https:\\\/\\\/montrealgold.ca\\\/wp-content\\\/uploads\\\/2025\\\/01\\\/cropped-favicon.png\",\"contentUrl\":\"https:\\\/\\\/montrealgold.ca\\\/wp-content\\\/uploads\\\/2025\\\/01\\\/cropped-favicon.png\",\"width\":512,\"height\":512,\"caption\":\"Montreal Gold\"},\"image\":{\"@id\":\"https:\\\/\\\/montrealgold.ca\\\/#\\\/schema\\\/logo\\\/image\\\/\"},\"sameAs\":[\"https:\\\/\\\/www.facebook.com\\\/CanadaGoldBBB\",\"https:\\\/\\\/x.com\\\/canadagoldbbb\"]}]}<\/script>\n<!-- \/ Yoast SEO plugin. -->","yoast_head_json":{"title":"\u51fa\u552e\u60a8\u7684\u7259\u79d1\u9ec3\u91d1 - \u8499\u7279\u5a41\u9ec3\u91d1","description":"\u6709\u7259\u79d1\u9ec3\u91d1\u8981\u51fa\u552e\u55ce\uff1f\u5305\u62ec\u7259\u51a0\u3001\u7259\u5957\u548c\u9ec3\u91d1\u586b\u5145\u7269\uff1f\u6211\u5011\u662f\u52a0\u62ff\u5927\u9802\u5c16\u7684\u7259\u79d1\u9ec3\u91d1\u6536\u8cfc\u5546\u4e4b\u4e00\u3002.","robots":{"index":"index","follow":"follow","max-snippet":"max-snippet:-1","max-image-preview":"max-image-preview:large","max-video-preview":"max-video-preview:-1"},"canonical":"https:\/\/montrealgold.ca\/zh\/sell-to-us\/\u7259\u79d1\u9ec3\u91d1\/","og_locale":"zh_HK","og_type":"article","og_title":"Sell Your Dental Gold - Montreal Gold","og_description":"Have dental gold to sell, including caps, crowns and gold fillings? We're one of Canada's top buyers of dental gold.","og_url":"https:\/\/montrealgold.ca\/zh\/sell-to-us\/\u7259\u79d1\u9ec3\u91d1\/","og_site_name":"Montreal Gold","article_publisher":"https:\/\/www.facebook.com\/CanadaGoldBBB","article_modified_time":"2025-11-24T19:34:11+00:00","og_image":[{"width":879,"height":156,"url":"https:\/\/montrealgold.ca\/wp-content\/uploads\/2025\/11\/Canada-Gold-Regional-Web-Logo-Navy-With-White-Background_Montreal.png","type":"image\/png"}],"twitter_card":"summary_large_image","twitter_site":"@canadagoldbbb","twitter_misc":{"\u9810\u8a08\u95b1\u8b80\u6642\u9593":"1 \u5206\u9418"},"schema":{"@context":"https:\/\/schema.org","@graph":[{"@type":"WebPage","@id":"https:\/\/montrealgold.ca\/sell-to-us\/dental-gold\/","url":"https:\/\/montrealgold.ca\/sell-to-us\/dental-gold\/","name":"\u51fa\u552e\u60a8\u7684\u7259\u79d1\u9ec3\u91d1 - \u8499\u7279\u5a41\u9ec3\u91d1","isPartOf":{"@id":"https:\/\/montrealgold.ca\/#website"},"datePublished":"2025-01-28T23:51:18+00:00","dateModified":"2025-11-24T19:34:11+00:00","description":"\u6709\u7259\u79d1\u9ec3\u91d1\u8981\u51fa\u552e\u55ce\uff1f\u5305\u62ec\u7259\u51a0\u3001\u7259\u5957\u548c\u9ec3\u91d1\u586b\u5145\u7269\uff1f\u6211\u5011\u662f\u52a0\u62ff\u5927\u9802\u5c16\u7684\u7259\u79d1\u9ec3\u91d1\u6536\u8cfc\u5546\u4e4b\u4e00\u3002.","breadcrumb":{"@id":"https:\/\/montrealgold.ca\/sell-to-us\/dental-gold\/#breadcrumb"},"inLanguage":"zh-HK","potentialAction":[{"@type":"ReadAction","target":["https:\/\/montrealgold.ca\/sell-to-us\/dental-gold\/"]}]},{"@type":"BreadcrumbList","@id":"https:\/\/montrealgold.ca\/sell-to-us\/dental-gold\/#breadcrumb","itemListElement":[{"@type":"ListItem","position":1,"name":"Accueil","item":"https:\/\/montrealgold.ca\/"},{"@type":"ListItem","position":2,"name":"Vendez-nous","item":"https:\/\/montrealgold.ca\/sell-to-us\/"},{"@type":"ListItem","position":3,"name":"Sell Your Dental Gold"}]},{"@type":"WebSite","@id":"https:\/\/montrealgold.ca\/#website","url":"https:\/\/montrealgold.ca\/","name":"\u8499\u7279\u5a41\u91d1","description":"\u52a0\u62ff\u5927\u9ec3\u91d1\u90e8\u9580","publisher":{"@id":"https:\/\/montrealgold.ca\/#organization"},"potentialAction":[{"@type":"SearchAction","target":{"@type":"EntryPoint","urlTemplate":"https:\/\/montrealgold.ca\/?s={search_term_string}"},"query-input":{"@type":"PropertyValueSpecification","valueRequired":true,"valueName":"search_term_string"}}],"inLanguage":"zh-HK"},{"@type":"Organization","@id":"https:\/\/montrealgold.ca\/#organization","name":"\u8499\u7279\u5a41\u91d1","url":"https:\/\/montrealgold.ca\/","logo":{"@type":"ImageObject","inLanguage":"zh-HK","@id":"https:\/\/montrealgold.ca\/#\/schema\/logo\/image\/","url":"https:\/\/montrealgold.ca\/wp-content\/uploads\/2025\/01\/cropped-favicon.png","contentUrl":"https:\/\/montrealgold.ca\/wp-content\/uploads\/2025\/01\/cropped-favicon.png","width":512,"height":512,"caption":"Montreal Gold"},"image":{"@id":"https:\/\/montrealgold.ca\/#\/schema\/logo\/image\/"},"sameAs":["https:\/\/www.facebook.com\/CanadaGoldBBB","https:\/\/x.com\/canadagoldbbb"]}]}},"_links":{"self":[{"href":"https:\/\/montrealgold.ca\/zh\/wp-json\/wp\/v2\/pages\/71620","targetHints":{"allow":["GET"]}}],"collection":[{"href":"https:\/\/montrealgold.ca\/zh\/wp-json\/wp\/v2\/pages"}],"about":[{"href":"https:\/\/montrealgold.ca\/zh\/wp-json\/wp\/v2\/types\/page"}],"author":[{"embeddable":true,"href":"https:\/\/montrealgold.ca\/zh\/wp-json\/wp\/v2\/users\/1"}],"replies":[{"embeddable":true,"href":"https:\/\/montrealgold.ca\/zh\/wp-json\/wp\/v2\/comments?post=71620"}],"version-history":[{"count":0,"href":"https:\/\/montrealgold.ca\/zh\/wp-json\/wp\/v2\/pages\/71620\/revisions"}],"up":[{"embeddable":true,"href":"https:\/\/montrealgold.ca\/zh\/wp-json\/wp\/v2\/pages\/71260"}],"wp:attachment":[{"href":"https:\/\/montrealgold.ca\/zh\/wp-json\/wp\/v2\/media?parent=71620"}],"curies":[{"name":"wp","href":"https:\/\/api.w.org\/{rel}","templated":true}]}}