{"id":74972,"date":"2025-12-14T22:33:52","date_gmt":"2025-12-15T03:33:52","guid":{"rendered":"https:\/\/montrealgold.ca\/?page_id=74972"},"modified":"2025-12-14T22:35:52","modified_gmt":"2025-12-15T03:35:52","slug":"thank-you-for-subscribing","status":"publish","type":"page","link":"https:\/\/montrealgold.ca\/en\/thank-you-for-subscribing\/","title":{"rendered":"Thank you for subscribing"},"content":{"rendered":"<p>[et_pb_section fb_built=\u00a0\u00bb1&Prime; custom_padding_last_edited=\u00a0\u00bbon|desktop\u00a0\u00bb admin_label=\u00a0\u00bbSection\u00a0\u00bb _builder_version=\u00a0\u00bb4.27.4&Prime; _module_preset=\u00a0\u00bbdefault\u00a0\u00bb background_color=\u00a0\u00bb#032340&Prime; height_tablet=\u00a0\u00bb\u00a0\u00bb height_phone=\u00a0\u00bb\u00a0\u00bb height_last_edited=\u00a0\u00bbon|desktop\u00a0\u00bb custom_padding=\u00a0\u00bb9px||4px||false|false\u00a0\u00bb custom_padding_tablet=\u00a0\u00bb9px||4px||false|false\u00a0\u00bb custom_padding_phone=\u00a0\u00bb9px||4px||false|false\u00a0\u00bb border_color_bottom=\u00a0\u00bb#D2AE74&Prime; saved_tabs=\u00a0\u00bball\u00a0\u00bb locked=\u00a0\u00bboff\u00a0\u00bb collapsed=\u00a0\u00bboff\u00a0\u00bb global_colors_info=\u00a0\u00bb{}\u00a0\u00bb][et_pb_row make_equal=\u00a0\u00bbon\u00a0\u00bb _builder_version=\u00a0\u00bb4.27.4&Prime; _module_preset=\u00a0\u00bbdefault\u00a0\u00bb custom_padding=\u00a0\u00bb0px||0px||false|false\u00a0\u00bb custom_css_main_element=\u00a0\u00bbdisplay:flex;\u00a0\u00bb global_colors_info=\u00a0\u00bb{}\u00a0\u00bb][et_pb_column type=\u00a0\u00bb4_4&Prime; _builder_version=\u00a0\u00bb4.27.4&Prime; _module_preset=\u00a0\u00bbdefault\u00a0\u00bb custom_css_main_element=\u00a0\u00bbdisplay:flex;||flex-direction:column;||justify-content: center;\u00a0\u00bb global_colors_info=\u00a0\u00bb{}\u00a0\u00bb][et_pb_text _builder_version=\u00a0\u00bb4.27.4&Prime; _module_preset=\u00a0\u00bbdefault\u00a0\u00bb header_font=\u00a0\u00bb|&#8211;et_global_heading_font_weight||on|||||\u00a0\u00bb header_text_align=\u00a0\u00bbcenter\u00a0\u00bb header_text_color=\u00a0\u00bb#FFFFFF\u00a0\u00bb header_font_size=\u00a0\u00bb38px\u00a0\u00bb hover_enabled=\u00a0\u00bb0&Prime; custom_css_free_form=\u00a0\u00bb.selector h1 {||  font-weight:400!important;||}\u00a0\u00bb global_colors_info=\u00a0\u00bb{}\u00a0\u00bb sticky_enabled=\u00a0\u00bb0&Prime;]<\/p>\n<h1>Merci de vous \u00eatre abonn\u00e9.<\/h1>\n<p>[\/et_pb_text][\/et_pb_column][\/et_pb_row][\/et_pb_section][et_pb_section fb_built=\u00a0\u00bb1&Prime; _builder_version=\u00a0\u00bb4.27.4&Prime; _module_preset=\u00a0\u00bbdefault\u00a0\u00bb background_color=\u00a0\u00bbrgba(247,247,247,0.9)\u00a0\u00bb custom_padding=\u00a0\u00bb0px||0px||false|false\u00a0\u00bb saved_tabs=\u00a0\u00bball\u00a0\u00bb global_colors_info=\u00a0\u00bb{}\u00a0\u00bb][et_pb_row _builder_version=\u00a0\u00bb4.27.4&Prime; _module_preset=\u00a0\u00bbdefault\u00a0\u00bb max_width=\u00a0\u00bb1280px\u00a0\u00bb custom_padding=\u00a0\u00bb20px||20px||true|false\u00a0\u00bb global_colors_info=\u00a0\u00bb{}\u00a0\u00bb][et_pb_column type=\u00a0\u00bb4_4&Prime; _builder_version=\u00a0\u00bb4.27.4&Prime; _module_preset=\u00a0\u00bbdefault\u00a0\u00bb global_colors_info=\u00a0\u00bb{}\u00a0\u00bb][et_pb_text _builder_version=\u00a0\u00bb4.27.4&Prime; _module_preset=\u00a0\u00bbdefault\u00a0\u00bb text_font=\u00a0\u00bb|||on|||||\u00a0\u00bb text_text_color=\u00a0\u00bb#000000&Prime; text_font_size=\u00a0\u00bb14px\u00a0\u00bb link_font=\u00a0\u00bb|||on|||||\u00a0\u00bb link_text_color=\u00a0\u00bb#032340&Prime; hover_enabled=\u00a0\u00bb0&Prime; global_colors_info=\u00a0\u00bb{}\u00a0\u00bb sticky_enabled=\u00a0\u00bb0&Prime;]<\/p>\n<div data-plaintext=\"true\" data-pm-slice=\"1 1 [&quot;codeblock&quot;,{&quot;style&quot;:null,&quot;codeblock&quot;:true,&quot;textAlign&quot;:null,&quot;syntaxLanguage&quot;:null,&quot;lineWrapping&quot;:false}]\" data-en-clipboard=\"true\"><span><span><a href=\"https:\/\/montrealgold.ca\/\">Accueil<\/a><\/span><\/span><\/div>\n<p>[\/et_pb_text][\/et_pb_column][\/et_pb_row][\/et_pb_section][et_pb_section fb_built=\u00a0\u00bb1&Prime; disabled_on=\u00a0\u00bboff|off|off\u00a0\u00bb _builder_version=\u00a0\u00bb4.27.4&Prime; _module_preset=\u00a0\u00bbdefault\u00a0\u00bb background_color=\u00a0\u00bbrgba(247,247,247,0.9)\u00a0\u00bb custom_margin=\u00a0\u00bb||||false|false\u00a0\u00bb custom_padding=\u00a0\u00bb0px||10px||false|false\u00a0\u00bb border_color_top=\u00a0\u00bb#0E3E63&Prime; border_width_bottom=\u00a0\u00bb2px\u00a0\u00bb border_color_bottom=\u00a0\u00bb#D2AE74&Prime; box_shadow_style=\u00a0\u00bbpreset3&Prime; global_colors_info=\u00a0\u00bb{}\u00a0\u00bb][et_pb_row _builder_version=\u00a0\u00bb4.27.4&Prime; _module_preset=\u00a0\u00bbdefault\u00a0\u00bb max_width=\u00a0\u00bb1280px\u00a0\u00bb global_colors_info=\u00a0\u00bb{}\u00a0\u00bb][et_pb_column type=\u00a0\u00bb4_4&Prime; _builder_version=\u00a0\u00bb4.27.4&Prime; _module_preset=\u00a0\u00bbdefault\u00a0\u00bb global_colors_info=\u00a0\u00bb{}\u00a0\u00bb][et_pb_text _builder_version=\u00a0\u00bb4.27.4&Prime; _module_preset=\u00a0\u00bbdefault\u00a0\u00bb text_font_size=\u00a0\u00bb19px\u00a0\u00bb link_font=\u00a0\u00bb|700|||||||\u00a0\u00bb hover_enabled=\u00a0\u00bb0&Prime; global_colors_info=\u00a0\u00bb{}\u00a0\u00bb sticky_enabled=\u00a0\u00bb0&Prime;]<\/p>\n<p>Merci de votre int\u00e9r\u00eat pour Canada Gold et de votre inscription \u00e0 notre infolettre.<\/p>\n<p>Les informations que vous avez fournies dans ce formulaire resteront confidentielles et seront utilis\u00e9es uniquement par les employ\u00e9s de Canada Gold pour ajouter votre adresse courriel \u00e0 notre liste d&rsquo;abonn\u00e9s. Vous pouvez vous d\u00e9sabonner \u00e0 tout moment. Pour toute question, veuillez nous contacter \u00e0 l&rsquo;adresse <a href=\"mailto:media@canadagold.ca\">media@canadagold.ca<\/a>.<\/p>\n<p>[\/et_pb_text][\/et_pb_column][\/et_pb_row][\/et_pb_section]<\/p>\n","protected":false},"excerpt":{"rendered":"<p>Merci de vous \u00eatre abonn\u00e9.<span><span><a href=\"https:\/\/montrealgold.ca\/\">Accueil<\/a><\/span><\/span>Merci de votre int\u00e9r\u00eat pour Canada Gold et de votre inscription \u00e0 notre infolettre. Les informations que vous avez fournies dans ce formulaire resteront confidentielles et seront utilis\u00e9es uniquement par les employ\u00e9s de Canada Gold pour ajouter votre adresse courriel \u00e0 notre liste d&rsquo;abonn\u00e9s. Vous pouvez vous d\u00e9sabonner \u00e0 tout moment. [&hellip;]<\/p>\n","protected":false},"author":1,"featured_media":0,"parent":0,"menu_order":0,"comment_status":"closed","ping_status":"closed","template":"","meta":{"_acf_changed":false,"_et_pb_use_builder":"on","_et_pb_old_content":"","_et_gb_content_width":"","footnotes":""},"class_list":["post-74972","page","type-page","status-publish","hentry"],"acf":[],"yoast_head":"<!-- This site is optimized with the Yoast SEO plugin v27.5 - https:\/\/yoast.com\/product\/yoast-seo-wordpress\/ -->\n<title>Thank You For Subscribing - Montreal Gold<\/title>\n<meta name=\"robots\" content=\"index, follow, max-snippet:-1, max-image-preview:large, max-video-preview:-1\" \/>\n<link rel=\"canonical\" href=\"https:\/\/montrealgold.ca\/en\/thank-you-for-subscribing\/\" \/>\n<meta property=\"og:locale\" content=\"en_US\" \/>\n<meta property=\"og:type\" content=\"article\" \/>\n<meta property=\"og:title\" content=\"Thank You For Subscribing - Montreal Gold\" \/>\n<meta property=\"og:description\" content=\"Merci de vous \u00eatre abonn\u00e9.Merci de votre int\u00e9r\u00eat pour Canada Gold et de votre inscription \u00e0 notre infolettre. Les informations que vous avez fournies dans ce formulaire resteront confidentielles et seront utilis\u00e9es uniquement par les employ\u00e9s de Canada Gold pour ajouter votre adresse courriel \u00e0 notre liste d&#039;abonn\u00e9s. Vous pouvez vous d\u00e9sabonner \u00e0 tout moment. [&hellip;]\" \/>\n<meta property=\"og:url\" content=\"https:\/\/montrealgold.ca\/en\/thank-you-for-subscribing\/\" \/>\n<meta property=\"og:site_name\" content=\"Montreal Gold\" \/>\n<meta property=\"article:publisher\" content=\"https:\/\/www.facebook.com\/CanadaGoldBBB\" \/>\n<meta property=\"article:modified_time\" content=\"2025-12-15T03:35:52+00:00\" \/>\n<meta property=\"og:image\" content=\"https:\/\/montrealgold.ca\/wp-content\/uploads\/2025\/11\/Canada-Gold-Regional-Web-Logo-Navy-With-White-Background_Montreal.png\" \/>\n\t<meta property=\"og:image:width\" content=\"879\" \/>\n\t<meta property=\"og:image:height\" content=\"156\" \/>\n\t<meta property=\"og:image:type\" content=\"image\/png\" \/>\n<meta name=\"twitter:card\" content=\"summary_large_image\" \/>\n<meta name=\"twitter:site\" content=\"@canadagoldbbb\" \/>\n<meta name=\"twitter:label1\" content=\"Est. reading time\" \/>\n\t<meta name=\"twitter:data1\" content=\"1 minute\" \/>\n<script type=\"application\/ld+json\" class=\"yoast-schema-graph\">{\"@context\":\"https:\\\/\\\/schema.org\",\"@graph\":[{\"@type\":\"WebPage\",\"@id\":\"https:\\\/\\\/montrealgold.ca\\\/thank-you-for-subscribing\\\/\",\"url\":\"https:\\\/\\\/montrealgold.ca\\\/thank-you-for-subscribing\\\/\",\"name\":\"Thank You For Subscribing - Montreal Gold\",\"isPartOf\":{\"@id\":\"https:\\\/\\\/montrealgold.ca\\\/#website\"},\"datePublished\":\"2025-12-15T03:33:52+00:00\",\"dateModified\":\"2025-12-15T03:35:52+00:00\",\"breadcrumb\":{\"@id\":\"https:\\\/\\\/montrealgold.ca\\\/thank-you-for-subscribing\\\/#breadcrumb\"},\"inLanguage\":\"en-CA\",\"potentialAction\":[{\"@type\":\"ReadAction\",\"target\":[\"https:\\\/\\\/montrealgold.ca\\\/thank-you-for-subscribing\\\/\"]}]},{\"@type\":\"BreadcrumbList\",\"@id\":\"https:\\\/\\\/montrealgold.ca\\\/thank-you-for-subscribing\\\/#breadcrumb\",\"itemListElement\":[{\"@type\":\"ListItem\",\"position\":1,\"name\":\"Accueil\",\"item\":\"https:\\\/\\\/montrealgold.ca\\\/\"},{\"@type\":\"ListItem\",\"position\":2,\"name\":\"Thank You For Subscribing\"}]},{\"@type\":\"WebSite\",\"@id\":\"https:\\\/\\\/montrealgold.ca\\\/#website\",\"url\":\"https:\\\/\\\/montrealgold.ca\\\/\",\"name\":\"Montreal Gold\",\"description\":\"A Division of Canada Gold\",\"publisher\":{\"@id\":\"https:\\\/\\\/montrealgold.ca\\\/#organization\"},\"potentialAction\":[{\"@type\":\"SearchAction\",\"target\":{\"@type\":\"EntryPoint\",\"urlTemplate\":\"https:\\\/\\\/montrealgold.ca\\\/?s={search_term_string}\"},\"query-input\":{\"@type\":\"PropertyValueSpecification\",\"valueRequired\":true,\"valueName\":\"search_term_string\"}}],\"inLanguage\":\"en-CA\"},{\"@type\":\"Organization\",\"@id\":\"https:\\\/\\\/montrealgold.ca\\\/#organization\",\"name\":\"Montreal Gold\",\"url\":\"https:\\\/\\\/montrealgold.ca\\\/\",\"logo\":{\"@type\":\"ImageObject\",\"inLanguage\":\"en-CA\",\"@id\":\"https:\\\/\\\/montrealgold.ca\\\/#\\\/schema\\\/logo\\\/image\\\/\",\"url\":\"https:\\\/\\\/montrealgold.ca\\\/wp-content\\\/uploads\\\/2025\\\/01\\\/cropped-favicon.png\",\"contentUrl\":\"https:\\\/\\\/montrealgold.ca\\\/wp-content\\\/uploads\\\/2025\\\/01\\\/cropped-favicon.png\",\"width\":512,\"height\":512,\"caption\":\"Montreal Gold\"},\"image\":{\"@id\":\"https:\\\/\\\/montrealgold.ca\\\/#\\\/schema\\\/logo\\\/image\\\/\"},\"sameAs\":[\"https:\\\/\\\/www.facebook.com\\\/CanadaGoldBBB\",\"https:\\\/\\\/x.com\\\/canadagoldbbb\"]}]}<\/script>\n<!-- \/ Yoast SEO plugin. -->","yoast_head_json":{"title":"Thank You for Subscribing - Montreal Gold","robots":{"index":"index","follow":"follow","max-snippet":"max-snippet:-1","max-image-preview":"max-image-preview:large","max-video-preview":"max-video-preview:-1"},"canonical":"https:\/\/montrealgold.ca\/en\/thank-you-for-subscribing\/","og_locale":"en_US","og_type":"article","og_title":"Thank You For Subscribing - Montreal Gold","og_description":"Merci de vous \u00eatre abonn\u00e9.Merci de votre int\u00e9r\u00eat pour Canada Gold et de votre inscription \u00e0 notre infolettre. Les informations que vous avez fournies dans ce formulaire resteront confidentielles et seront utilis\u00e9es uniquement par les employ\u00e9s de Canada Gold pour ajouter votre adresse courriel \u00e0 notre liste d'abonn\u00e9s. Vous pouvez vous d\u00e9sabonner \u00e0 tout moment. [&hellip;]","og_url":"https:\/\/montrealgold.ca\/en\/thank-you-for-subscribing\/","og_site_name":"Montreal Gold","article_publisher":"https:\/\/www.facebook.com\/CanadaGoldBBB","article_modified_time":"2025-12-15T03:35:52+00:00","og_image":[{"width":879,"height":156,"url":"https:\/\/montrealgold.ca\/wp-content\/uploads\/2025\/11\/Canada-Gold-Regional-Web-Logo-Navy-With-White-Background_Montreal.png","type":"image\/png"}],"twitter_card":"summary_large_image","twitter_site":"@canadagoldbbb","twitter_misc":{"Est. reading time":"1 minute"},"schema":{"@context":"https:\/\/schema.org","@graph":[{"@type":"WebPage","@id":"https:\/\/montrealgold.ca\/thank-you-for-subscribing\/","url":"https:\/\/montrealgold.ca\/thank-you-for-subscribing\/","name":"Thank You for Subscribing - Montreal Gold","isPartOf":{"@id":"https:\/\/montrealgold.ca\/#website"},"datePublished":"2025-12-15T03:33:52+00:00","dateModified":"2025-12-15T03:35:52+00:00","breadcrumb":{"@id":"https:\/\/montrealgold.ca\/thank-you-for-subscribing\/#breadcrumb"},"inLanguage":"en-CA","potentialAction":[{"@type":"ReadAction","target":["https:\/\/montrealgold.ca\/thank-you-for-subscribing\/"]}]},{"@type":"BreadcrumbList","@id":"https:\/\/montrealgold.ca\/thank-you-for-subscribing\/#breadcrumb","itemListElement":[{"@type":"ListItem","position":1,"name":"Accueil","item":"https:\/\/montrealgold.ca\/"},{"@type":"ListItem","position":2,"name":"Thank You For Subscribing"}]},{"@type":"WebSite","@id":"https:\/\/montrealgold.ca\/#website","url":"https:\/\/montrealgold.ca\/","name":"Montreal Gold","description":"A Division of Canada Gold","publisher":{"@id":"https:\/\/montrealgold.ca\/#organization"},"potentialAction":[{"@type":"SearchAction","target":{"@type":"EntryPoint","urlTemplate":"https:\/\/montrealgold.ca\/?s={search_term_string}"},"query-input":{"@type":"PropertyValueSpecification","valueRequired":true,"valueName":"search_term_string"}}],"inLanguage":"en-CA"},{"@type":"Organization","@id":"https:\/\/montrealgold.ca\/#organization","name":"Montreal Gold","url":"https:\/\/montrealgold.ca\/","logo":{"@type":"ImageObject","inLanguage":"en-CA","@id":"https:\/\/montrealgold.ca\/#\/schema\/logo\/image\/","url":"https:\/\/montrealgold.ca\/wp-content\/uploads\/2025\/01\/cropped-favicon.png","contentUrl":"https:\/\/montrealgold.ca\/wp-content\/uploads\/2025\/01\/cropped-favicon.png","width":512,"height":512,"caption":"Montreal Gold"},"image":{"@id":"https:\/\/montrealgold.ca\/#\/schema\/logo\/image\/"},"sameAs":["https:\/\/www.facebook.com\/CanadaGoldBBB","https:\/\/x.com\/canadagoldbbb"]}]}},"_links":{"self":[{"href":"https:\/\/montrealgold.ca\/en\/wp-json\/wp\/v2\/pages\/74972","targetHints":{"allow":["GET"]}}],"collection":[{"href":"https:\/\/montrealgold.ca\/en\/wp-json\/wp\/v2\/pages"}],"about":[{"href":"https:\/\/montrealgold.ca\/en\/wp-json\/wp\/v2\/types\/page"}],"author":[{"embeddable":true,"href":"https:\/\/montrealgold.ca\/en\/wp-json\/wp\/v2\/users\/1"}],"replies":[{"embeddable":true,"href":"https:\/\/montrealgold.ca\/en\/wp-json\/wp\/v2\/comments?post=74972"}],"version-history":[{"count":0,"href":"https:\/\/montrealgold.ca\/en\/wp-json\/wp\/v2\/pages\/74972\/revisions"}],"wp:attachment":[{"href":"https:\/\/montrealgold.ca\/en\/wp-json\/wp\/v2\/media?parent=74972"}],"curies":[{"name":"wp","href":"https:\/\/api.w.org\/{rel}","templated":true}]}}